{"id":778,"date":"2023-06-30T10:38:34","date_gmt":"2023-06-30T08:38:34","guid":{"rendered":"https:\/\/motormarktbalkbrug.nl\/praktische-informationen\/"},"modified":"2025-06-04T10:46:07","modified_gmt":"2025-06-04T08:46:07","slug":"praktische-informationen","status":"publish","type":"page","link":"https:\/\/motormarktbalkbrug.nl\/de\/praktische-informationen\/","title":{"rendered":"Praktische Informationen"},"content":{"rendered":"\t\t<div data-elementor-type=\"wp-page\" data-elementor-id=\"778\" class=\"elementor elementor-778 elementor-666\" data-elementor-post-type=\"page\">\n\t\t\t\t\t\t<section class=\"elementor-section elementor-top-section elementor-element elementor-element-962d446 elementor-section-boxed elementor-section-height-default elementor-section-height-default\" data-id=\"962d446\" data-element_type=\"section\" data-e-type=\"section\">\n\t\t\t\t\t\t<div class=\"elementor-container elementor-column-gap-default\">\n\t\t\t\t\t<div class=\"elementor-column elementor-col-100 elementor-top-column elementor-element elementor-element-7abd474\" data-id=\"7abd474\" data-element_type=\"column\" data-e-type=\"column\">\n\t\t\t<div class=\"elementor-widget-wrap elementor-element-populated\">\n\t\t\t\t\t\t<div class=\"elementor-element elementor-element-aa18988 elementor-hidden-mobile elementor-widget elementor-widget-spacer\" data-id=\"aa18988\" data-element_type=\"widget\" data-e-type=\"widget\" data-widget_type=\"spacer.default\">\n\t\t\t\t<div class=\"elementor-widget-container\">\n\t\t\t\t\t\t\t<div class=\"elementor-spacer\">\n\t\t\t<div class=\"elementor-spacer-inner\"><\/div>\n\t\t<\/div>\n\t\t\t\t\t\t<\/div>\n\t\t\t\t<\/div>\n\t\t\t\t<div class=\"elementor-element elementor-element-5ec7551 elementor-widget elementor-widget-heading\" data-id=\"5ec7551\" data-element_type=\"widget\" data-e-type=\"widget\" data-widget_type=\"heading.default\">\n\t\t\t\t<div class=\"elementor-widget-container\">\n\t\t\t\t\t<h1 class=\"elementor-heading-title elementor-size-default\">Praktische Informationen f\u00fcr Markth\u00e4ndler und Besucher\n<\/h1>\t\t\t\t<\/div>\n\t\t\t\t<\/div>\n\t\t\t\t<div class=\"elementor-element elementor-element-c88da87 elementor-widget elementor-widget-spacer\" data-id=\"c88da87\" data-element_type=\"widget\" data-e-type=\"widget\" data-widget_type=\"spacer.default\">\n\t\t\t\t<div class=\"elementor-widget-container\">\n\t\t\t\t\t\t\t<div class=\"elementor-spacer\">\n\t\t\t<div class=\"elementor-spacer-inner\"><\/div>\n\t\t<\/div>\n\t\t\t\t\t\t<\/div>\n\t\t\t\t<\/div>\n\t\t\t\t\t<\/div>\n\t\t<\/div>\n\t\t\t\t\t<\/div>\n\t\t<\/section>\n\t\t\t\t<section class=\"elementor-section elementor-top-section elementor-element elementor-element-bb3daa0 elementor-section-boxed elementor-section-height-default elementor-section-height-default\" data-id=\"bb3daa0\" data-element_type=\"section\" data-e-type=\"section\" data-settings=\"{&quot;background_background&quot;:&quot;classic&quot;}\">\n\t\t\t\t\t\t\t<div class=\"elementor-background-overlay\"><\/div>\n\t\t\t\t\t\t\t<div class=\"elementor-container elementor-column-gap-default\">\n\t\t\t\t\t<div class=\"elementor-column elementor-col-50 elementor-top-column elementor-element elementor-element-83e7456\" data-id=\"83e7456\" data-element_type=\"column\" data-e-type=\"column\">\n\t\t\t<div class=\"elementor-widget-wrap elementor-element-populated\">\n\t\t\t\t\t\t<div class=\"elementor-element elementor-element-26639c3 elementor-widget elementor-widget-text-editor\" data-id=\"26639c3\" data-element_type=\"widget\" data-e-type=\"widget\" data-widget_type=\"text-editor.default\">\n\t\t\t\t<div class=\"elementor-widget-container\">\n\t\t\t\t\t\t\t\t\t<p><strong>H\u00e4ndler.<\/strong><\/p><p class=\"p1\">Es ist auf diesem Motormarkt nur gestattet, mit Motorr\u00e4dern oder Mopeds oder Artikeln zu handeln, die direkt mit Motorr\u00e4dern oder Mopeds zusammenh\u00e4ngen. Dies wird von uns aktiv \u00fcberwacht. Wenn Sie diese Bedingungen nicht erf\u00fcllen, werden Sie des Platzes verwiesen. Wenn Sie sich unsicher sind, ob Sie diese Bedingungen erf\u00fcllen, nehmen Sie bitte Kontakt mit unserer Organisation auf.<\/p><p class=\"p1\">Samstag 26 September 2026 09:00 15:00 Der Motorradmarkt ist von bis f\u00fcr die \u00d6ffentlichkeit zug\u00e4nglich. Um den Markt f\u00fcr die Besucher<span class=\"s1\"> <\/span>und Ihre Kollegen bis zum Ende attraktiv zu halten, bitten wir Sie h\u00f6flich, aber dringend, Ihren Stand nicht vor 15:00 Uhr abzubauen.<\/p><p class=\"p1\">Achtung: Der spezielle Durchgang f\u00fcr Ein- und Ausgang ist zwischen 9:00 und 15:00 Uhr aus Sicherheitsgr\u00fcnden f\u00fcr unsere Besucher geschlossen.<\/p><p class=\"p1\">Die H\u00e4ndler k\u00f6nnen am Freitag vor dem Markt ihren Standplatz einrichten; dies ist von 12:00 bis 20:00 Uhr m\u00f6glich. Am Samstagmorgen ist der Zugang f\u00fcr H\u00e4ndler ab 6:00 Uhr ge\u00f6ffnet. Sie haben bis 9:00 Uhr Zeit, Ihren Standplatz einzurichten. Ab 9:00 Uhr ist der Markt f\u00fcr die \u00d6ffentlichkeit ge\u00f6ffnet. <\/p><p class=\"p1\">Wir danken Ihnen f\u00fcr Ihre Mitarbeit und das Team der Motormarkt Balkbrug w\u00fcnscht Ihnen einen erfolgreichen Markt.<\/p>\t\t\t\t\t\t\t\t<\/div>\n\t\t\t\t<\/div>\n\t\t\t\t\t<\/div>\n\t\t<\/div>\n\t\t\t\t<div class=\"elementor-column elementor-col-50 elementor-top-column elementor-element elementor-element-34d6692\" data-id=\"34d6692\" data-element_type=\"column\" data-e-type=\"column\">\n\t\t\t<div class=\"elementor-widget-wrap elementor-element-populated\">\n\t\t\t\t\t\t<div class=\"elementor-element elementor-element-73e46ec elementor-widget elementor-widget-text-editor\" data-id=\"73e46ec\" data-element_type=\"widget\" data-e-type=\"widget\" data-widget_type=\"text-editor.default\">\n\t\t\t\t<div class=\"elementor-widget-container\">\n\t\t\t\t\t\t\t\t\t<p><strong>Besucher.<\/strong><\/p><p>Besucher k\u00f6nnen \u00fcber 100 Aussteller erwarten welche die n\u00e4chste Waren anbieten werden:<\/p><ul><li>Mopeds<\/li><li>Motorr\u00e4der<\/li><li>Ersatzteile, sowohl neu als auch gebraucht<\/li><li>Werkzeuge<\/li><\/ul><p>Es stehen verschiedene Verpflegungsstellen mit Kaffee, Tee, Softdrinks und warmen Snacks zur Verf\u00fcgung. das alles zu angemessenen Preisen f\u00fcr einen unterhaltsamen Tagesausflug. <\/p><p class=\"p1\">Samstag 26 September 2026 09:00 15:00 Besucher sind zwischen und willkommen.<\/p><p class=\"p1\">Ein Eintritt kostet \u20ac 5,00 (Kinder bis 12 Jahre frei).<\/p><p class=\"p1\">Ihr Motorrad oder Auto k\u00f6nnen Sie kostenlos auf unseren gro\u00dfz\u00fcgigen Parkpl\u00e4tzen direkt am Motorradmarkt parken. Bitte folgen Sie den Schildern mit der Aufschrift &#8222;P-Motormarkt&#8220; und befolgen Sie dann die Anweisungen unserer Verkehrslotsen.<\/p>\t\t\t\t\t\t\t\t<\/div>\n\t\t\t\t<\/div>\n\t\t\t\t<section class=\"elementor-section elementor-inner-section elementor-element elementor-element-3c5e80f elementor-section-height-min-height elementor-section-boxed elementor-section-height-default\" data-id=\"3c5e80f\" data-element_type=\"section\" data-e-type=\"section\" data-settings=\"{&quot;background_background&quot;:&quot;classic&quot;}\">\n\t\t\t\t\t\t\t<div class=\"elementor-background-overlay\"><\/div>\n\t\t\t\t\t\t\t<div class=\"elementor-container elementor-column-gap-default\">\n\t\t\t\t\t<div class=\"elementor-column elementor-col-100 elementor-inner-column elementor-element elementor-element-7e31966\" data-id=\"7e31966\" data-element_type=\"column\" data-e-type=\"column\">\n\t\t\t<div class=\"elementor-widget-wrap\">\n\t\t\t\t\t\t\t<\/div>\n\t\t<\/div>\n\t\t\t\t\t<\/div>\n\t\t<\/section>\n\t\t\t\t\t<\/div>\n\t\t<\/div>\n\t\t\t\t\t<\/div>\n\t\t<\/section>\n\t\t\t\t<\/div>\n\t\t","protected":false},"excerpt":{"rendered":"<p>Praktische Informationen f\u00fcr Markth\u00e4ndler und Besucher H\u00e4ndler. Es ist auf diesem Motormarkt nur gestattet, mit Motorr\u00e4dern oder Mopeds oder Artikeln zu handeln, die direkt mit Motorr\u00e4dern oder Mopeds zusammenh\u00e4ngen. Dies wird von uns aktiv \u00fcberwacht. Wenn Sie diese Bedingungen nicht erf\u00fcllen, werden Sie des Platzes verwiesen. Wenn Sie sich unsicher sind, ob Sie diese Bedingungen [&hellip;]<\/p>\n","protected":false},"author":1,"featured_media":0,"parent":0,"menu_order":0,"comment_status":"closed","ping_status":"closed","template":"","meta":{"_acf_changed":false,"footnotes":""},"class_list":["post-778","page","type-page","status-publish","hentry"],"acf":[],"yoast_head":"<!-- This site is optimized with the Yoast SEO plugin v27.2 - https:\/\/yoast.com\/product\/yoast-seo-wordpress\/ -->\n<title>Praktische Informationen &#8211; Motormarkt Balkbrug<\/title>\n<meta name=\"robots\" content=\"index, follow, max-snippet:-1, max-image-preview:large, max-video-preview:-1\" \/>\n<link rel=\"canonical\" href=\"https:\/\/motormarktbalkbrug.nl\/de\/praktische-informationen\/\" \/>\n<meta property=\"og:locale\" content=\"de_DE\" \/>\n<meta property=\"og:type\" content=\"article\" \/>\n<meta property=\"og:title\" content=\"Praktische Informationen &#8211; Motormarkt Balkbrug\" \/>\n<meta property=\"og:description\" content=\"Praktische Informationen f\u00fcr Markth\u00e4ndler und Besucher H\u00e4ndler. Es ist auf diesem Motormarkt nur gestattet, mit Motorr\u00e4dern oder Mopeds oder Artikeln zu handeln, die direkt mit Motorr\u00e4dern oder Mopeds zusammenh\u00e4ngen. Dies wird von uns aktiv \u00fcberwacht. Wenn Sie diese Bedingungen nicht erf\u00fcllen, werden Sie des Platzes verwiesen. Wenn Sie sich unsicher sind, ob Sie diese Bedingungen [&hellip;]\" \/>\n<meta property=\"og:url\" content=\"https:\/\/motormarktbalkbrug.nl\/de\/praktische-informationen\/\" \/>\n<meta property=\"og:site_name\" content=\"Motormarkt Balkbrug\" \/>\n<meta property=\"article:modified_time\" content=\"2025-06-04T08:46:07+00:00\" \/>\n<meta property=\"og:image\" content=\"https:\/\/mlermmvk3oie.i.optimole.com\/w:auto\/h:auto\/q:mauto\/f:best\/https:\/\/motormarktbalkbrug.nl\/wp-content\/uploads\/achtergrond-motormarkt-balkbrug-scaled-e1679304844460.webp\" \/>\n\t<meta property=\"og:image:width\" content=\"1811\" \/>\n\t<meta property=\"og:image:height\" content=\"2489\" \/>\n\t<meta property=\"og:image:type\" content=\"image\/webp\" \/>\n<meta name=\"twitter:card\" content=\"summary_large_image\" \/>\n<meta name=\"twitter:label1\" content=\"Gesch\u00e4tzte Lesezeit\" \/>\n\t<meta name=\"twitter:data1\" content=\"2\u00a0Minuten\" \/>\n<script type=\"application\/ld+json\" class=\"yoast-schema-graph\">{\"@context\":\"https:\/\/schema.org\",\"@graph\":[{\"@type\":\"WebPage\",\"@id\":\"https:\/\/motormarktbalkbrug.nl\/de\/praktische-informationen\/\",\"url\":\"https:\/\/motormarktbalkbrug.nl\/de\/praktische-informationen\/\",\"name\":\"Praktische Informationen &#8211; Motormarkt Balkbrug\",\"isPartOf\":{\"@id\":\"https:\/\/motormarktbalkbrug.nl\/de\/#website\"},\"datePublished\":\"2023-06-30T08:38:34+00:00\",\"dateModified\":\"2025-06-04T08:46:07+00:00\",\"breadcrumb\":{\"@id\":\"https:\/\/motormarktbalkbrug.nl\/de\/praktische-informationen\/#breadcrumb\"},\"inLanguage\":\"de\",\"potentialAction\":[{\"@type\":\"ReadAction\",\"target\":[\"https:\/\/motormarktbalkbrug.nl\/de\/praktische-informationen\/\"]}]},{\"@type\":\"BreadcrumbList\",\"@id\":\"https:\/\/motormarktbalkbrug.nl\/de\/praktische-informationen\/#breadcrumb\",\"itemListElement\":[{\"@type\":\"ListItem\",\"position\":1,\"name\":\"Home\",\"item\":\"https:\/\/motormarktbalkbrug.nl\/de\/\"},{\"@type\":\"ListItem\",\"position\":2,\"name\":\"Praktische Informationen\"}]},{\"@type\":\"WebSite\",\"@id\":\"https:\/\/motormarktbalkbrug.nl\/de\/#website\",\"url\":\"https:\/\/motormarktbalkbrug.nl\/de\/\",\"name\":\"Motor Markt Balkbrug - 30 september 2023\",\"description\":\"Manege De Diamanthal - Motoren - Bromfietsen - Onderdelen\",\"publisher\":{\"@id\":\"https:\/\/motormarktbalkbrug.nl\/de\/#organization\"},\"alternateName\":\"Motor Markt Balkbrug\",\"potentialAction\":[{\"@type\":\"SearchAction\",\"target\":{\"@type\":\"EntryPoint\",\"urlTemplate\":\"https:\/\/motormarktbalkbrug.nl\/de\/?s={search_term_string}\"},\"query-input\":{\"@type\":\"PropertyValueSpecification\",\"valueRequired\":true,\"valueName\":\"search_term_string\"}}],\"inLanguage\":\"de\"},{\"@type\":\"Organization\",\"@id\":\"https:\/\/motormarktbalkbrug.nl\/de\/#organization\",\"name\":\"Motor Markt Balkbrug - 30 september 2023\",\"alternateName\":\"Motor Markt Balkbrug\",\"url\":\"https:\/\/motormarktbalkbrug.nl\/de\/\",\"logo\":{\"@type\":\"ImageObject\",\"inLanguage\":\"de\",\"@id\":\"https:\/\/motormarktbalkbrug.nl\/de\/#\/schema\/logo\/image\/\",\"url\":\"https:\/\/mlermmvk3oie.i.optimole.com\/w:auto\/h:auto\/q:mauto\/f:best\/https:\/\/motormarktbalkbrug.nl\/wp-content\/uploads\/achtergrond-motormarkt-balkbrug-scaled-e1679304844460.webp\",\"contentUrl\":\"https:\/\/mlermmvk3oie.i.optimole.com\/w:auto\/h:auto\/q:mauto\/f:best\/https:\/\/motormarktbalkbrug.nl\/wp-content\/uploads\/achtergrond-motormarkt-balkbrug-scaled-e1679304844460.webp\",\"width\":1811,\"height\":2489,\"caption\":\"Motor Markt Balkbrug - 30 september 2023\"},\"image\":{\"@id\":\"https:\/\/motormarktbalkbrug.nl\/de\/#\/schema\/logo\/image\/\"}}]}<\/script>\n<!-- \/ Yoast SEO plugin. -->","yoast_head_json":{"title":"Praktische Informationen &#8211; Motormarkt Balkbrug","robots":{"index":"index","follow":"follow","max-snippet":"max-snippet:-1","max-image-preview":"max-image-preview:large","max-video-preview":"max-video-preview:-1"},"canonical":"https:\/\/motormarktbalkbrug.nl\/de\/praktische-informationen\/","og_locale":"de_DE","og_type":"article","og_title":"Praktische Informationen &#8211; Motormarkt Balkbrug","og_description":"Praktische Informationen f\u00fcr Markth\u00e4ndler und Besucher H\u00e4ndler. Es ist auf diesem Motormarkt nur gestattet, mit Motorr\u00e4dern oder Mopeds oder Artikeln zu handeln, die direkt mit Motorr\u00e4dern oder Mopeds zusammenh\u00e4ngen. Dies wird von uns aktiv \u00fcberwacht. Wenn Sie diese Bedingungen nicht erf\u00fcllen, werden Sie des Platzes verwiesen. Wenn Sie sich unsicher sind, ob Sie diese Bedingungen [&hellip;]","og_url":"https:\/\/motormarktbalkbrug.nl\/de\/praktische-informationen\/","og_site_name":"Motormarkt Balkbrug","article_modified_time":"2025-06-04T08:46:07+00:00","og_image":[{"width":1811,"height":2489,"url":"https:\/\/mlermmvk3oie.i.optimole.com\/w:auto\/h:auto\/q:mauto\/f:best\/https:\/\/motormarktbalkbrug.nl\/wp-content\/uploads\/achtergrond-motormarkt-balkbrug-scaled-e1679304844460.webp","type":"image\/webp"}],"twitter_card":"summary_large_image","twitter_misc":{"Gesch\u00e4tzte Lesezeit":"2\u00a0Minuten"},"schema":{"@context":"https:\/\/schema.org","@graph":[{"@type":"WebPage","@id":"https:\/\/motormarktbalkbrug.nl\/de\/praktische-informationen\/","url":"https:\/\/motormarktbalkbrug.nl\/de\/praktische-informationen\/","name":"Praktische Informationen &#8211; Motormarkt Balkbrug","isPartOf":{"@id":"https:\/\/motormarktbalkbrug.nl\/de\/#website"},"datePublished":"2023-06-30T08:38:34+00:00","dateModified":"2025-06-04T08:46:07+00:00","breadcrumb":{"@id":"https:\/\/motormarktbalkbrug.nl\/de\/praktische-informationen\/#breadcrumb"},"inLanguage":"de","potentialAction":[{"@type":"ReadAction","target":["https:\/\/motormarktbalkbrug.nl\/de\/praktische-informationen\/"]}]},{"@type":"BreadcrumbList","@id":"https:\/\/motormarktbalkbrug.nl\/de\/praktische-informationen\/#breadcrumb","itemListElement":[{"@type":"ListItem","position":1,"name":"Home","item":"https:\/\/motormarktbalkbrug.nl\/de\/"},{"@type":"ListItem","position":2,"name":"Praktische Informationen"}]},{"@type":"WebSite","@id":"https:\/\/motormarktbalkbrug.nl\/de\/#website","url":"https:\/\/motormarktbalkbrug.nl\/de\/","name":"Motor Markt Balkbrug - 30 september 2023","description":"Manege De Diamanthal - Motoren - Bromfietsen - Onderdelen","publisher":{"@id":"https:\/\/motormarktbalkbrug.nl\/de\/#organization"},"alternateName":"Motor Markt Balkbrug","potentialAction":[{"@type":"SearchAction","target":{"@type":"EntryPoint","urlTemplate":"https:\/\/motormarktbalkbrug.nl\/de\/?s={search_term_string}"},"query-input":{"@type":"PropertyValueSpecification","valueRequired":true,"valueName":"search_term_string"}}],"inLanguage":"de"},{"@type":"Organization","@id":"https:\/\/motormarktbalkbrug.nl\/de\/#organization","name":"Motor Markt Balkbrug - 30 september 2023","alternateName":"Motor Markt Balkbrug","url":"https:\/\/motormarktbalkbrug.nl\/de\/","logo":{"@type":"ImageObject","inLanguage":"de","@id":"https:\/\/motormarktbalkbrug.nl\/de\/#\/schema\/logo\/image\/","url":"https:\/\/mlermmvk3oie.i.optimole.com\/w:auto\/h:auto\/q:mauto\/f:best\/https:\/\/motormarktbalkbrug.nl\/wp-content\/uploads\/achtergrond-motormarkt-balkbrug-scaled-e1679304844460.webp","contentUrl":"https:\/\/mlermmvk3oie.i.optimole.com\/w:auto\/h:auto\/q:mauto\/f:best\/https:\/\/motormarktbalkbrug.nl\/wp-content\/uploads\/achtergrond-motormarkt-balkbrug-scaled-e1679304844460.webp","width":1811,"height":2489,"caption":"Motor Markt Balkbrug - 30 september 2023"},"image":{"@id":"https:\/\/motormarktbalkbrug.nl\/de\/#\/schema\/logo\/image\/"}}]}},"_links":{"self":[{"href":"https:\/\/motormarktbalkbrug.nl\/de\/wp-json\/wp\/v2\/pages\/778","targetHints":{"allow":["GET"]}}],"collection":[{"href":"https:\/\/motormarktbalkbrug.nl\/de\/wp-json\/wp\/v2\/pages"}],"about":[{"href":"https:\/\/motormarktbalkbrug.nl\/de\/wp-json\/wp\/v2\/types\/page"}],"author":[{"embeddable":true,"href":"https:\/\/motormarktbalkbrug.nl\/de\/wp-json\/wp\/v2\/users\/1"}],"replies":[{"embeddable":true,"href":"https:\/\/motormarktbalkbrug.nl\/de\/wp-json\/wp\/v2\/comments?post=778"}],"version-history":[{"count":5,"href":"https:\/\/motormarktbalkbrug.nl\/de\/wp-json\/wp\/v2\/pages\/778\/revisions"}],"predecessor-version":[{"id":1963,"href":"https:\/\/motormarktbalkbrug.nl\/de\/wp-json\/wp\/v2\/pages\/778\/revisions\/1963"}],"wp:attachment":[{"href":"https:\/\/motormarktbalkbrug.nl\/de\/wp-json\/wp\/v2\/media?parent=778"}],"curies":[{"name":"wp","href":"https:\/\/api.w.org\/{rel}","templated":true}]}}