{"id":817,"date":"2023-06-06T15:13:41","date_gmt":"2023-06-06T13:13:41","guid":{"rendered":"https:\/\/motormarktbalkbrug.nl\/startseite\/"},"modified":"2024-12-19T10:02:36","modified_gmt":"2024-12-19T09:02:36","slug":"startseite","status":"publish","type":"page","link":"https:\/\/motormarktbalkbrug.nl\/de\/","title":{"rendered":"Startseite"},"content":{"rendered":"\t\t<div data-elementor-type=\"wp-page\" data-elementor-id=\"817\" class=\"elementor elementor-817 elementor-142\" data-elementor-post-type=\"page\">\n\t\t\t\t\t\t<section class=\"elementor-section elementor-top-section elementor-element elementor-element-a809847 elementor-section-boxed elementor-section-height-default elementor-section-height-default\" data-id=\"a809847\" data-element_type=\"section\" data-e-type=\"section\" data-settings=\"{&quot;background_background&quot;:&quot;classic&quot;}\">\n\t\t\t\t\t\t<div class=\"elementor-container elementor-column-gap-default\">\n\t\t\t\t\t<div class=\"elementor-column elementor-col-50 elementor-top-column elementor-element elementor-element-ba430fd\" data-id=\"ba430fd\" data-element_type=\"column\" data-e-type=\"column\">\n\t\t\t<div class=\"elementor-widget-wrap elementor-element-populated\">\n\t\t\t\t\t\t<div class=\"elementor-element elementor-element-5f4a94b elementor-widget elementor-widget-heading\" data-id=\"5f4a94b\" data-element_type=\"widget\" data-e-type=\"widget\" data-widget_type=\"heading.default\">\n\t\t\t\t<div class=\"elementor-widget-container\">\n\t\t\t\t\t<h2 class=\"elementor-heading-title elementor-size-default\">n\u00e4chsten Motormarkt:  <br>Samstag<br>26 September 2026<\/h2>\t\t\t\t<\/div>\n\t\t\t\t<\/div>\n\t\t\t\t<div class=\"elementor-element elementor-element-69aeb1f elementor-widget elementor-widget-text-editor\" data-id=\"69aeb1f\" data-element_type=\"widget\" data-e-type=\"widget\" data-widget_type=\"text-editor.default\">\n\t\t\t\t<div class=\"elementor-widget-container\">\n\t\t\t\t\t\t\t\t\t<p>09:00 bis 15:00 Uhr<\/p>\n\t\t\t\t\t\t\t\t<\/div>\n\t\t\t\t<\/div>\n\t\t\t\t\t<\/div>\n\t\t<\/div>\n\t\t\t\t<div class=\"elementor-column elementor-col-50 elementor-top-column elementor-element elementor-element-89df9e6\" data-id=\"89df9e6\" data-element_type=\"column\" data-e-type=\"column\">\n\t\t\t<div class=\"elementor-widget-wrap elementor-element-populated\">\n\t\t\t\t\t\t<div class=\"elementor-element elementor-element-8c8475d elementor-widget elementor-widget-heading\" data-id=\"8c8475d\" data-element_type=\"widget\" data-e-type=\"widget\" data-widget_type=\"heading.default\">\n\t\t\t\t<div class=\"elementor-widget-container\">\n\t\t\t\t\t<h2 class=\"elementor-heading-title elementor-size-default\">Eintritt \u20ac 5,-<\/h2>\t\t\t\t<\/div>\n\t\t\t\t<\/div>\n\t\t\t\t<div class=\"elementor-element elementor-element-ab07c49 elementor-widget elementor-widget-heading\" data-id=\"ab07c49\" data-element_type=\"widget\" data-e-type=\"widget\" data-widget_type=\"heading.default\">\n\t\t\t\t<div class=\"elementor-widget-container\">\n\t\t\t\t\t<h3 class=\"elementor-heading-title elementor-size-default\">Kinder bis<br>12 Jahre kostenlos<\/h3>\t\t\t\t<\/div>\n\t\t\t\t<\/div>\n\t\t\t\t\t<\/div>\n\t\t<\/div>\n\t\t\t\t\t<\/div>\n\t\t<\/section>\n\t\t\t\t<section class=\"elementor-section elementor-top-section elementor-element elementor-element-ced0969 elementor-section-boxed elementor-section-height-default elementor-section-height-default\" data-id=\"ced0969\" data-element_type=\"section\" data-e-type=\"section\">\n\t\t\t\t\t\t<div class=\"elementor-container elementor-column-gap-default\">\n\t\t\t\t\t<div class=\"elementor-column elementor-col-100 elementor-top-column elementor-element elementor-element-d81c003\" data-id=\"d81c003\" data-element_type=\"column\" data-e-type=\"column\">\n\t\t\t<div class=\"elementor-widget-wrap elementor-element-populated\">\n\t\t\t\t\t\t<div class=\"elementor-element elementor-element-ce30542 elementor-hidden-mobile elementor-widget elementor-widget-spacer\" data-id=\"ce30542\" data-element_type=\"widget\" data-e-type=\"widget\" data-widget_type=\"spacer.default\">\n\t\t\t\t<div class=\"elementor-widget-container\">\n\t\t\t\t\t\t\t<div class=\"elementor-spacer\">\n\t\t\t<div class=\"elementor-spacer-inner\"><\/div>\n\t\t<\/div>\n\t\t\t\t\t\t<\/div>\n\t\t\t\t<\/div>\n\t\t\t\t<div class=\"elementor-element elementor-element-1dc570a elementor-widget elementor-widget-heading\" data-id=\"1dc570a\" data-element_type=\"widget\" data-e-type=\"widget\" data-widget_type=\"heading.default\">\n\t\t\t\t<div class=\"elementor-widget-container\">\n\t\t\t\t\t<h1 class=\"elementor-heading-title elementor-size-default\">START DER MOTORRADMARKT<br>IN BALKBRUG<\/h1>\t\t\t\t<\/div>\n\t\t\t\t<\/div>\n\t\t\t\t<div class=\"elementor-element elementor-element-d5b0384 elementor-widget elementor-widget-spacer\" data-id=\"d5b0384\" data-element_type=\"widget\" data-e-type=\"widget\" data-widget_type=\"spacer.default\">\n\t\t\t\t<div class=\"elementor-widget-container\">\n\t\t\t\t\t\t\t<div class=\"elementor-spacer\">\n\t\t\t<div class=\"elementor-spacer-inner\"><\/div>\n\t\t<\/div>\n\t\t\t\t\t\t<\/div>\n\t\t\t\t<\/div>\n\t\t\t\t\t<\/div>\n\t\t<\/div>\n\t\t\t\t\t<\/div>\n\t\t<\/section>\n\t\t\t\t<section class=\"elementor-section elementor-top-section elementor-element elementor-element-0bb0f13 elementor-section-boxed elementor-section-height-default elementor-section-height-default\" data-id=\"0bb0f13\" data-element_type=\"section\" data-e-type=\"section\" data-settings=\"{&quot;background_background&quot;:&quot;classic&quot;}\">\n\t\t\t\t\t\t\t<div class=\"elementor-background-overlay\"><\/div>\n\t\t\t\t\t\t\t<div class=\"elementor-container elementor-column-gap-default\">\n\t\t\t\t\t<div class=\"elementor-column elementor-col-50 elementor-top-column elementor-element elementor-element-ef88159\" data-id=\"ef88159\" data-element_type=\"column\" data-e-type=\"column\">\n\t\t\t<div class=\"elementor-widget-wrap elementor-element-populated\">\n\t\t\t\t\t\t<section class=\"elementor-section elementor-inner-section elementor-element elementor-element-be7efab elementor-section-height-min-height elementor-section-boxed elementor-section-height-default\" data-id=\"be7efab\" data-element_type=\"section\" data-e-type=\"section\" data-settings=\"{&quot;background_background&quot;:&quot;classic&quot;}\">\n\t\t\t\t\t\t\t<div class=\"elementor-background-overlay\"><\/div>\n\t\t\t\t\t\t\t<div class=\"elementor-container elementor-column-gap-default\">\n\t\t\t\t\t<div class=\"elementor-column elementor-col-100 elementor-inner-column elementor-element elementor-element-a1762de\" data-id=\"a1762de\" data-element_type=\"column\" data-e-type=\"column\">\n\t\t\t<div class=\"elementor-widget-wrap\">\n\t\t\t\t\t\t\t<\/div>\n\t\t<\/div>\n\t\t\t\t\t<\/div>\n\t\t<\/section>\n\t\t\t\t\t<\/div>\n\t\t<\/div>\n\t\t\t\t<div class=\"elementor-column elementor-col-50 elementor-top-column elementor-element elementor-element-9dd6650\" data-id=\"9dd6650\" data-element_type=\"column\" data-e-type=\"column\">\n\t\t\t<div class=\"elementor-widget-wrap elementor-element-populated\">\n\t\t\t\t\t\t<div class=\"elementor-element elementor-element-aee5692 elementor-widget elementor-widget-text-editor\" data-id=\"aee5692\" data-element_type=\"widget\" data-e-type=\"widget\" data-widget_type=\"text-editor.default\">\n\t\t\t\t<div class=\"elementor-widget-container\">\n\t\t\t\t\t\t\t\t\t<p><strong>Der n\u00e4chste Motorradmarkt in Balkbrug wird wie bevor organisiert in die daf\u00fcr perfekt geeignete Ort: Der \u201cDiamanthal\u201d \u201d (Hoogeveenseweg 38, 7707 CH Balkbrug NL).<\/strong><br \/><br \/>In der Diamanthal finden h\u00e4ufiger M\u00e4rkte und andere von (Sport-)Vereinen organisierte Veranstaltungen statt. Der neu gestaltete Motormarkt ist somit gut erreichbar, verf\u00fcgt \u00fcber ausreichend Parkpl\u00e4tze und gew\u00e4hrleistet einen reibungslosen Ablauf der Veranstaltung. Die Diamanthal befindet sich an einer Durchgangsstra\u00dfe in Balkbrug und verf\u00fcgt \u00fcber ausreichend Parkpl\u00e4tze rundherum. Verkehrskontrolleure werden den Verkehr und das Parken leiten.<\/p>\t\t\t\t\t\t\t\t<\/div>\n\t\t\t\t<\/div>\n\t\t\t\t\t<\/div>\n\t\t<\/div>\n\t\t\t\t\t<\/div>\n\t\t<\/section>\n\t\t\t\t<section class=\"elementor-section elementor-top-section elementor-element elementor-element-c0795a8 elementor-section-boxed elementor-section-height-default elementor-section-height-default\" data-id=\"c0795a8\" data-element_type=\"section\" data-e-type=\"section\">\n\t\t\t\t\t\t<div class=\"elementor-container elementor-column-gap-default\">\n\t\t\t\t\t<div class=\"elementor-column elementor-col-50 elementor-top-column elementor-element elementor-element-bd6668a\" data-id=\"bd6668a\" data-element_type=\"column\" data-e-type=\"column\">\n\t\t\t<div class=\"elementor-widget-wrap elementor-element-populated\">\n\t\t\t\t\t\t<div class=\"elementor-element elementor-element-37ed169 elementor-widget elementor-widget-heading\" data-id=\"37ed169\" data-element_type=\"widget\" data-e-type=\"widget\" data-widget_type=\"heading.default\">\n\t\t\t\t<div class=\"elementor-widget-container\">\n\t\t\t\t\t<h2 class=\"elementor-heading-title elementor-size-default\">Gleichgesinnte treffen.<\/h2>\t\t\t\t<\/div>\n\t\t\t\t<\/div>\n\t\t\t\t<div class=\"elementor-element elementor-element-a869464 elementor-widget elementor-widget-text-editor\" data-id=\"a869464\" data-element_type=\"widget\" data-e-type=\"widget\" data-widget_type=\"text-editor.default\">\n\t\t\t\t<div class=\"elementor-widget-container\">\n\t\t\t\t\t\t\t\t\t<p>Der n\u00e4chste Motormarkt in Balkbrug findet statt am Samstag 26 September 2026. Wie immer werden Motorr\u00e4der, Mopeds und Ersatzteile angeboten, es gibt g\u00fcnstige Snacks und Getr\u00e4nke und man kann in aller Ruhe Kontakte kn\u00fcpfen. Denn auch das ist ein wichtiger Aspekt dieser Motorrad- und Teilemesse: Gleichgesinnte zu treffen und technische Probleme und L\u00f6sungen sowie Motorrad oder Schrauberwerkstatt Erfahrungen auszutauschen.<\/p>\t\t\t\t\t\t\t\t<\/div>\n\t\t\t\t<\/div>\n\t\t\t\t\t<\/div>\n\t\t<\/div>\n\t\t\t\t<div class=\"elementor-column elementor-col-50 elementor-top-column elementor-element elementor-element-f49fded\" data-id=\"f49fded\" data-element_type=\"column\" data-e-type=\"column\">\n\t\t\t<div class=\"elementor-widget-wrap elementor-element-populated\">\n\t\t\t\t\t\t<section class=\"elementor-section elementor-inner-section elementor-element elementor-element-014c44b elementor-section-height-min-height elementor-section-boxed elementor-section-height-default\" data-id=\"014c44b\" data-element_type=\"section\" data-e-type=\"section\" data-settings=\"{&quot;background_background&quot;:&quot;classic&quot;}\">\n\t\t\t\t\t\t\t<div class=\"elementor-background-overlay\"><\/div>\n\t\t\t\t\t\t\t<div class=\"elementor-container elementor-column-gap-default\">\n\t\t\t\t\t<div class=\"elementor-column elementor-col-100 elementor-inner-column elementor-element elementor-element-a04efaa\" data-id=\"a04efaa\" data-element_type=\"column\" data-e-type=\"column\">\n\t\t\t<div class=\"elementor-widget-wrap\">\n\t\t\t\t\t\t\t<\/div>\n\t\t<\/div>\n\t\t\t\t\t<\/div>\n\t\t<\/section>\n\t\t\t\t\t<\/div>\n\t\t<\/div>\n\t\t\t\t\t<\/div>\n\t\t<\/section>\n\t\t\t\t<section class=\"elementor-section elementor-top-section elementor-element elementor-element-f1d4f40 elementor-reverse-mobile elementor-section-boxed elementor-section-height-default elementor-section-height-default\" data-id=\"f1d4f40\" data-element_type=\"section\" data-e-type=\"section\">\n\t\t\t\t\t\t<div class=\"elementor-container elementor-column-gap-default\">\n\t\t\t\t\t<div class=\"elementor-column elementor-col-50 elementor-top-column elementor-element elementor-element-aafa821\" data-id=\"aafa821\" data-element_type=\"column\" data-e-type=\"column\">\n\t\t\t<div class=\"elementor-widget-wrap elementor-element-populated\">\n\t\t\t\t\t\t<section class=\"elementor-section elementor-inner-section elementor-element elementor-element-9f9ef18 elementor-section-height-min-height elementor-section-boxed elementor-section-height-default\" data-id=\"9f9ef18\" data-element_type=\"section\" data-e-type=\"section\" data-settings=\"{&quot;background_background&quot;:&quot;classic&quot;}\">\n\t\t\t\t\t\t\t<div class=\"elementor-background-overlay\"><\/div>\n\t\t\t\t\t\t\t<div class=\"elementor-container elementor-column-gap-default\">\n\t\t\t\t\t<div class=\"elementor-column elementor-col-100 elementor-inner-column elementor-element elementor-element-75294e8\" data-id=\"75294e8\" data-element_type=\"column\" data-e-type=\"column\">\n\t\t\t<div class=\"elementor-widget-wrap\">\n\t\t\t\t\t\t\t<\/div>\n\t\t<\/div>\n\t\t\t\t\t<\/div>\n\t\t<\/section>\n\t\t\t\t\t<\/div>\n\t\t<\/div>\n\t\t\t\t<div class=\"elementor-column elementor-col-50 elementor-top-column elementor-element elementor-element-18bcfde\" data-id=\"18bcfde\" data-element_type=\"column\" data-e-type=\"column\">\n\t\t\t<div class=\"elementor-widget-wrap elementor-element-populated\">\n\t\t\t\t\t\t<div class=\"elementor-element elementor-element-7994602 elementor-widget elementor-widget-heading\" data-id=\"7994602\" data-element_type=\"widget\" data-e-type=\"widget\" data-widget_type=\"heading.default\">\n\t\t\t\t<div class=\"elementor-widget-container\">\n\t\t\t\t\t<h2 class=\"elementor-heading-title elementor-size-default\">Bekannte und neue Aussteller.<\/h2>\t\t\t\t<\/div>\n\t\t\t\t<\/div>\n\t\t\t\t<div class=\"elementor-element elementor-element-11e862e elementor-widget elementor-widget-text-editor\" data-id=\"11e862e\" data-element_type=\"widget\" data-e-type=\"widget\" data-widget_type=\"text-editor.default\">\n\t\t\t\t<div class=\"elementor-widget-container\">\n\t\t\t\t\t\t\t\t\t<p>Die meisten Aussteller kommen wieder zur\u00fcck, so dass Sie zum Teil das gewohnte Bild von bisher vorfinden werden, erg\u00e4nzt durch einige neue Namen, was wiederum den Suchenden nach bestimmten Teilen neue M\u00f6glichkeiten bietet. Sobald wir weitere Informationen zu den Ausstellern und zu eventuellen Aktionen und Angeboten haben, werden wir die ver\u00f6ffentlichen, auf unsere Facebook Seite. Klicken Sie <a href=\"https:\/\/www.facebook.com\/people\/Motormarkt-Balkbrug\/100092233456231\/\">hier!<\/a><\/p>\t\t\t\t\t\t\t\t<\/div>\n\t\t\t\t<\/div>\n\t\t\t\t\t<\/div>\n\t\t<\/div>\n\t\t\t\t\t<\/div>\n\t\t<\/section>\n\t\t\t\t<section class=\"elementor-section elementor-top-section elementor-element elementor-element-195298b elementor-section-boxed elementor-section-height-default elementor-section-height-default\" data-id=\"195298b\" data-element_type=\"section\" data-e-type=\"section\">\n\t\t\t\t\t\t<div class=\"elementor-container elementor-column-gap-default\">\n\t\t\t\t\t<div class=\"elementor-column elementor-col-100 elementor-top-column elementor-element elementor-element-1ab4f6a\" data-id=\"1ab4f6a\" data-element_type=\"column\" data-e-type=\"column\">\n\t\t\t<div class=\"elementor-widget-wrap elementor-element-populated\">\n\t\t\t\t\t\t<div class=\"elementor-element elementor-element-f8d459f elementor-widget elementor-widget-spacer\" data-id=\"f8d459f\" data-element_type=\"widget\" data-e-type=\"widget\" data-widget_type=\"spacer.default\">\n\t\t\t\t<div class=\"elementor-widget-container\">\n\t\t\t\t\t\t\t<div class=\"elementor-spacer\">\n\t\t\t<div class=\"elementor-spacer-inner\"><\/div>\n\t\t<\/div>\n\t\t\t\t\t\t<\/div>\n\t\t\t\t<\/div>\n\t\t\t\t\t<\/div>\n\t\t<\/div>\n\t\t\t\t\t<\/div>\n\t\t<\/section>\n\t\t\t\t<\/div>\n\t\t","protected":false},"excerpt":{"rendered":"<p>n\u00e4chsten Motormarkt: bis Uhr Eintritt \u20ac 5,- Kinder bis12 Jahre kostenlos START DER MOTORRADMARKTIN BALKBRUG Der n\u00e4chste Motorradmarkt in Balkbrug wird wie bevor organisiert in die daf\u00fcr perfekt geeignete Ort: Der \u201cDiamanthal\u201d \u201d (Hoogeveenseweg 38, 7707 CH Balkbrug NL). In der Diamanthal finden h\u00e4ufiger M\u00e4rkte und andere von (Sport-)Vereinen organisierte Veranstaltungen statt. Der neu gestaltete [&hellip;]<\/p>\n","protected":false},"author":1,"featured_media":723,"parent":0,"menu_order":0,"comment_status":"closed","ping_status":"closed","template":"","meta":{"_acf_changed":false,"footnotes":""},"class_list":["post-817","page","type-page","status-publish","has-post-thumbnail","hentry"],"acf":[],"yoast_head":"<!-- This site is optimized with the Yoast SEO plugin v27.4 - https:\/\/yoast.com\/product\/yoast-seo-wordpress\/ -->\n<title>Motormarkt Balkbrug<\/title>\n<meta name=\"description\" content=\"Manege &#039;De Diamanthal&#039; - Hoogeveenseweg 38 Balkbrug - Samstag, 6. April - Motorr\u00e4der - Mopeds - Teile\" \/>\n<meta name=\"robots\" content=\"index, follow, max-snippet:-1, max-image-preview:large, max-video-preview:-1\" \/>\n<link rel=\"canonical\" href=\"https:\/\/motormarktbalkbrug.nl\/de\/\" \/>\n<meta property=\"og:locale\" content=\"de_DE\" \/>\n<meta property=\"og:type\" content=\"article\" \/>\n<meta property=\"og:description\" content=\"Manege &#039;De Diamanthal&#039; - Hoogeveenseweg 38 Balkbrug - Samstag, 6. April - Motorr\u00e4der - Mopeds - Teile\" \/>\n<meta property=\"og:url\" content=\"https:\/\/motormarktbalkbrug.nl\/de\/\" \/>\n<meta property=\"og:site_name\" content=\"Motormarkt Balkbrug\" \/>\n<meta property=\"article:modified_time\" content=\"2024-12-19T09:02:36+00:00\" \/>\n<meta property=\"og:image\" content=\"https:\/\/mlermmvk3oie.i.optimole.com\/w:auto\/h:auto\/q:mauto\/f:best\/https:\/\/motormarktbalkbrug.nl\/wp-content\/uploads\/achtergrond-motormarkt-balkbrug-scaled-e1679304844460.webp\" \/>\n\t<meta property=\"og:image:width\" content=\"1811\" \/>\n\t<meta property=\"og:image:height\" content=\"2489\" \/>\n\t<meta property=\"og:image:type\" content=\"image\/webp\" \/>\n<meta name=\"twitter:card\" content=\"summary_large_image\" \/>\n<meta name=\"twitter:label1\" content=\"Gesch\u00e4tzte Lesezeit\" \/>\n\t<meta name=\"twitter:data1\" content=\"2\u00a0Minuten\" \/>\n<script type=\"application\/ld+json\" class=\"yoast-schema-graph\">{\"@context\":\"https:\\\/\\\/schema.org\",\"@graph\":[{\"@type\":\"WebPage\",\"@id\":\"https:\\\/\\\/motormarktbalkbrug.nl\\\/de\\\/\",\"url\":\"https:\\\/\\\/motormarktbalkbrug.nl\\\/de\\\/\",\"name\":\"\",\"isPartOf\":{\"@id\":\"https:\\\/\\\/motormarktbalkbrug.nl\\\/de\\\/#website\"},\"primaryImageOfPage\":{\"@id\":\"https:\\\/\\\/motormarktbalkbrug.nl\\\/de\\\/#primaryimage\"},\"image\":{\"@id\":\"https:\\\/\\\/motormarktbalkbrug.nl\\\/de\\\/#primaryimage\"},\"thumbnailUrl\":\"https:\\/\\/motormarktbalkbrug.nl\\/wp-content\\/uploads\\/achtergrond-motormarkt-balkbrug-scaled-e1679304844460.webp\",\"datePublished\":\"2023-06-06T13:13:41+00:00\",\"dateModified\":\"2024-12-19T09:02:36+00:00\",\"description\":\"Manege 'De Diamanthal' - Hoogeveenseweg 38 Balkbrug - Samstag, 6. April - Motorr\u00e4der - Mopeds - Teile\",\"breadcrumb\":{\"@id\":\"https:\\\/\\\/motormarktbalkbrug.nl\\\/de\\\/#breadcrumb\"},\"inLanguage\":\"de\",\"potentialAction\":[{\"@type\":\"ReadAction\",\"target\":[\"https:\\\/\\\/motormarktbalkbrug.nl\\\/de\\\/\"]}]},{\"@type\":\"ImageObject\",\"inLanguage\":\"de\",\"@id\":\"https:\\\/\\\/motormarktbalkbrug.nl\\\/de\\\/#primaryimage\",\"url\":\"https:\\/\\/motormarktbalkbrug.nl\\/wp-content\\/uploads\\/achtergrond-motormarkt-balkbrug-scaled-e1679304844460.webp\",\"contentUrl\":\"https:\\/\\/motormarktbalkbrug.nl\\/wp-content\\/uploads\\/achtergrond-motormarkt-balkbrug-scaled-e1679304844460.webp\",\"width\":1811,\"height\":2489},{\"@type\":\"BreadcrumbList\",\"@id\":\"https:\\\/\\\/motormarktbalkbrug.nl\\\/de\\\/#breadcrumb\",\"itemListElement\":[{\"@type\":\"ListItem\",\"position\":1,\"name\":\"Home\",\"item\":\"https:\\\/\\\/motormarktbalkbrug.nl\\\/de\\\/\"},{\"@type\":\"ListItem\",\"position\":2,\"name\":\"Startseite\"}]},{\"@type\":\"WebSite\",\"@id\":\"https:\\\/\\\/motormarktbalkbrug.nl\\\/de\\\/#website\",\"url\":\"https:\\\/\\\/motormarktbalkbrug.nl\\\/de\\\/\",\"name\":\"Motor Markt Balkbrug - 30 september 2023\",\"description\":\"Manege De Diamanthal - Motoren - Bromfietsen - Onderdelen\",\"publisher\":{\"@id\":\"https:\\\/\\\/motormarktbalkbrug.nl\\\/de\\\/#organization\"},\"alternateName\":\"Motor Markt Balkbrug\",\"potentialAction\":[{\"@type\":\"SearchAction\",\"target\":{\"@type\":\"EntryPoint\",\"urlTemplate\":\"https:\\\/\\\/motormarktbalkbrug.nl\\\/de\\\/?s={search_term_string}\"},\"query-input\":{\"@type\":\"PropertyValueSpecification\",\"valueRequired\":true,\"valueName\":\"search_term_string\"}}],\"inLanguage\":\"de\"},{\"@type\":\"Organization\",\"@id\":\"https:\\\/\\\/motormarktbalkbrug.nl\\\/de\\\/#organization\",\"name\":\"Motor Markt Balkbrug - 30 september 2023\",\"alternateName\":\"Motor Markt Balkbrug\",\"url\":\"https:\\\/\\\/motormarktbalkbrug.nl\\\/de\\\/\",\"logo\":{\"@type\":\"ImageObject\",\"inLanguage\":\"de\",\"@id\":\"https:\\\/\\\/motormarktbalkbrug.nl\\\/de\\\/#\\\/schema\\\/logo\\\/image\\\/\",\"url\":\"https:\\/\\/motormarktbalkbrug.nl\\/wp-content\\/uploads\\/achtergrond-motormarkt-balkbrug-scaled-e1679304844460.webp\",\"contentUrl\":\"https:\\/\\/motormarktbalkbrug.nl\\/wp-content\\/uploads\\/achtergrond-motormarkt-balkbrug-scaled-e1679304844460.webp\",\"width\":1811,\"height\":2489,\"caption\":\"Motor Markt Balkbrug - 30 september 2023\"},\"image\":{\"@id\":\"https:\\\/\\\/motormarktbalkbrug.nl\\\/de\\\/#\\\/schema\\\/logo\\\/image\\\/\"}}]}<\/script>\n<!-- \/ Yoast SEO plugin. -->","yoast_head_json":{"title":"Motormarkt Balkbrug","description":"Manege 'De Diamanthal' - Hoogeveenseweg 38 Balkbrug - Samstag, 6. April - Motorr\u00e4der - Mopeds - Teile","robots":{"index":"index","follow":"follow","max-snippet":"max-snippet:-1","max-image-preview":"max-image-preview:large","max-video-preview":"max-video-preview:-1"},"canonical":"https:\/\/motormarktbalkbrug.nl\/de\/","og_locale":"de_DE","og_type":"article","og_description":"Manege 'De Diamanthal' - Hoogeveenseweg 38 Balkbrug - Samstag, 6. April - Motorr\u00e4der - Mopeds - Teile","og_url":"https:\/\/motormarktbalkbrug.nl\/de\/","og_site_name":"Motormarkt Balkbrug","article_modified_time":"2024-12-19T09:02:36+00:00","og_image":[{"width":1811,"height":2489,"url":"https:\/\/mlermmvk3oie.i.optimole.com\/w:auto\/h:auto\/q:mauto\/f:best\/https:\/\/motormarktbalkbrug.nl\/wp-content\/uploads\/achtergrond-motormarkt-balkbrug-scaled-e1679304844460.webp","type":"image\/webp"}],"twitter_card":"summary_large_image","twitter_misc":{"Gesch\u00e4tzte Lesezeit":"2\u00a0Minuten"},"schema":{"@context":"https:\/\/schema.org","@graph":[{"@type":"WebPage","@id":"https:\/\/motormarktbalkbrug.nl\/de\/","url":"https:\/\/motormarktbalkbrug.nl\/de\/","name":"","isPartOf":{"@id":"https:\/\/motormarktbalkbrug.nl\/de\/#website"},"primaryImageOfPage":{"@id":"https:\/\/motormarktbalkbrug.nl\/de\/#primaryimage"},"image":{"@id":"https:\/\/motormarktbalkbrug.nl\/de\/#primaryimage"},"thumbnailUrl":"https:\/\/mlermmvk3oie.i.optimole.com\/w:auto\/h:auto\/q:mauto\/f:best\/https:\/\/motormarktbalkbrug.nl\/wp-content\/uploads\/achtergrond-motormarkt-balkbrug-scaled-e1679304844460.webp","datePublished":"2023-06-06T13:13:41+00:00","dateModified":"2024-12-19T09:02:36+00:00","description":"Manege 'De Diamanthal' - Hoogeveenseweg 38 Balkbrug - Samstag, 6. April - Motorr\u00e4der - Mopeds - Teile","breadcrumb":{"@id":"https:\/\/motormarktbalkbrug.nl\/de\/#breadcrumb"},"inLanguage":"de","potentialAction":[{"@type":"ReadAction","target":["https:\/\/motormarktbalkbrug.nl\/de\/"]}]},{"@type":"ImageObject","inLanguage":"de","@id":"https:\/\/motormarktbalkbrug.nl\/de\/#primaryimage","url":"https:\/\/mlermmvk3oie.i.optimole.com\/w:auto\/h:auto\/q:mauto\/f:best\/https:\/\/motormarktbalkbrug.nl\/wp-content\/uploads\/achtergrond-motormarkt-balkbrug-scaled-e1679304844460.webp","contentUrl":"https:\/\/mlermmvk3oie.i.optimole.com\/w:auto\/h:auto\/q:mauto\/f:best\/https:\/\/motormarktbalkbrug.nl\/wp-content\/uploads\/achtergrond-motormarkt-balkbrug-scaled-e1679304844460.webp","width":1811,"height":2489},{"@type":"BreadcrumbList","@id":"https:\/\/motormarktbalkbrug.nl\/de\/#breadcrumb","itemListElement":[{"@type":"ListItem","position":1,"name":"Home","item":"https:\/\/motormarktbalkbrug.nl\/de\/"},{"@type":"ListItem","position":2,"name":"Startseite"}]},{"@type":"WebSite","@id":"https:\/\/motormarktbalkbrug.nl\/de\/#website","url":"https:\/\/motormarktbalkbrug.nl\/de\/","name":"Motor Markt Balkbrug - 30 september 2023","description":"Manege De Diamanthal - Motoren - Bromfietsen - Onderdelen","publisher":{"@id":"https:\/\/motormarktbalkbrug.nl\/de\/#organization"},"alternateName":"Motor Markt Balkbrug","potentialAction":[{"@type":"SearchAction","target":{"@type":"EntryPoint","urlTemplate":"https:\/\/motormarktbalkbrug.nl\/de\/?s={search_term_string}"},"query-input":{"@type":"PropertyValueSpecification","valueRequired":true,"valueName":"search_term_string"}}],"inLanguage":"de"},{"@type":"Organization","@id":"https:\/\/motormarktbalkbrug.nl\/de\/#organization","name":"Motor Markt Balkbrug - 30 september 2023","alternateName":"Motor Markt Balkbrug","url":"https:\/\/motormarktbalkbrug.nl\/de\/","logo":{"@type":"ImageObject","inLanguage":"de","@id":"https:\/\/motormarktbalkbrug.nl\/de\/#\/schema\/logo\/image\/","url":"https:\/\/mlermmvk3oie.i.optimole.com\/w:auto\/h:auto\/q:mauto\/f:best\/https:\/\/motormarktbalkbrug.nl\/wp-content\/uploads\/achtergrond-motormarkt-balkbrug-scaled-e1679304844460.webp","contentUrl":"https:\/\/mlermmvk3oie.i.optimole.com\/w:auto\/h:auto\/q:mauto\/f:best\/https:\/\/motormarktbalkbrug.nl\/wp-content\/uploads\/achtergrond-motormarkt-balkbrug-scaled-e1679304844460.webp","width":1811,"height":2489,"caption":"Motor Markt Balkbrug - 30 september 2023"},"image":{"@id":"https:\/\/motormarktbalkbrug.nl\/de\/#\/schema\/logo\/image\/"}}]}},"_links":{"self":[{"href":"https:\/\/motormarktbalkbrug.nl\/de\/wp-json\/wp\/v2\/pages\/817","targetHints":{"allow":["GET"]}}],"collection":[{"href":"https:\/\/motormarktbalkbrug.nl\/de\/wp-json\/wp\/v2\/pages"}],"about":[{"href":"https:\/\/motormarktbalkbrug.nl\/de\/wp-json\/wp\/v2\/types\/page"}],"author":[{"embeddable":true,"href":"https:\/\/motormarktbalkbrug.nl\/de\/wp-json\/wp\/v2\/users\/1"}],"replies":[{"embeddable":true,"href":"https:\/\/motormarktbalkbrug.nl\/de\/wp-json\/wp\/v2\/comments?post=817"}],"version-history":[{"count":5,"href":"https:\/\/motormarktbalkbrug.nl\/de\/wp-json\/wp\/v2\/pages\/817\/revisions"}],"predecessor-version":[{"id":1843,"href":"https:\/\/motormarktbalkbrug.nl\/de\/wp-json\/wp\/v2\/pages\/817\/revisions\/1843"}],"wp:featuredmedia":[{"embeddable":true,"href":"https:\/\/motormarktbalkbrug.nl\/de\/wp-json\/wp\/v2\/media\/723"}],"wp:attachment":[{"href":"https:\/\/motormarktbalkbrug.nl\/de\/wp-json\/wp\/v2\/media?parent=817"}],"curies":[{"name":"wp","href":"https:\/\/api.w.org\/{rel}","templated":true}]}}